{"id":3,"date":"2025-10-20T12:27:00","date_gmt":"2025-10-20T10:27:00","guid":{"rendered":"http:\/\/apro-consulting.fr\/?page_id=3"},"modified":"2025-12-18T18:57:41","modified_gmt":"2025-12-18T17:57:41","slug":"mentions-legales","status":"publish","type":"page","link":"https:\/\/apro-consulting.fr\/index.php\/mentions-legales\/","title":{"rendered":"Mentions l\u00e9gales"},"content":{"rendered":"\t\t<div data-elementor-type=\"wp-page\" data-elementor-id=\"3\" class=\"elementor elementor-3\">\n\t\t\t\t<div class=\"wpr-jarallax elementor-element elementor-element-b8df6ca wpr-jarallax-yes e-flex e-con-boxed wpr-particle-no wpr-parallax-no wpr-sticky-section-no e-con e-parent\" speed-data=\"1.4\" bg-image=\"https:\/\/apro-consulting.fr\/wp-content\/plugins\/elementor\/assets\/images\/placeholder.png\" scroll-effect=\"scroll\" data-id=\"b8df6ca\" data-element_type=\"container\" data-settings=\"{&quot;background_background&quot;:&quot;classic&quot;}\">\n\t\t\t\t\t<div class=\"e-con-inner\">\n\t\t\t\t\t<\/div>\n\t\t\t\t<\/div>\n\t\t<div class=\"elementor-element elementor-element-daebbb8 e-flex e-con-boxed wpr-particle-no wpr-jarallax-no wpr-parallax-no wpr-sticky-section-no e-con e-parent\" data-id=\"daebbb8\" data-element_type=\"container\">\n\t\t\t\t\t<div class=\"e-con-inner\">\n\t\t\t\t<div class=\"elementor-element elementor-element-5b695cf elementor-widget elementor-widget-page-title\" data-id=\"5b695cf\" data-element_type=\"widget\" data-widget_type=\"page-title.default\">\n\t\t\t\t<div class=\"elementor-widget-container\">\n\t\t\t\t\t\t\t\n\t\t<div class=\"hfe-page-title hfe-page-title-wrapper elementor-widget-heading\">\n\n\t\t\t\t\t\t\t\t\t\t\t<a href=\"https:\/\/apro-consulting.fr\">\n\t\t\t\t\t\t<h2 class=\"elementor-heading-title elementor-size-default\">\n\t\t\t\t\t\t\t\t\n\t\t\t\tMentions l\u00e9gales  \n\t\t\t<\/h2 > \n\t\t\t\t\t\t\t\t\t<\/a>\n\t\t\t\t\t<\/div>\n\t\t\t\t\t\t<\/div>\n\t\t\t\t<\/div>\n\t\t\t\t<div class=\"elementor-element elementor-element-447aaf5 elementor-widget elementor-widget-text-editor\" data-id=\"447aaf5\" data-element_type=\"widget\" data-widget_type=\"text-editor.default\">\n\t\t\t\t\t\t\t\t\t<p>APRO Consulting SAS au capital social de\u00a03.500 Euros<span class=\"Apple-converted-space\">\u00a0<\/span><\/p><p>32 rue de Paradis<\/p><p>75010 Paris<\/p><p>RCS\u00a0: 533 910 162 immatricul\u00e9e le 01\/08\/2011 RCS de Paris <span class=\"Apple-converted-space\">\u00a0<\/span><\/p><p>Num\u00e9ro de TVA intracommunautaire\u00a0: FR 53 533910162<\/p><p>Mail\u00a0: <a href=\"mailto:contact@apro-consulting.fr\">contact@apro-consulting.fr<\/a><\/p><p>H\u00e9bergeur\u00a0: OVH<\/p><p>Conception et r\u00e9alisation: CAM &amp; AUG<\/p><p>Directeur de la publication\u00a0: Anthony PAJOT<\/p><p>Cr\u00e9dit photographique\u00a0: fotolia.com, stock.adobe.com.<\/p><p>La reproduction ou la repr\u00e9sentation, totale ou partielle, ou toute autre forme d\u2019exploitation de ce site est interdite.<span class=\"Apple-converted-space\">\u00a0<\/span><\/p><p>Tous les \u00e9l\u00e9ments \u00e9dit\u00e9s sur ce site, notamment des logos, des marques, des textes, des photographies, des dessins sont des \u0153uvres prot\u00e9g\u00e9es par les dispositions des lois.<span class=\"Apple-converted-space\">\u00a0<\/span><\/p><p>Le visiteur est inform\u00e9 qu\u2019un cookie peut s\u2019installer automatiquement sur son outil de navigation. Un cookie est un \u00e9l\u00e9ment qui ne permet pas d\u2019identifier l\u2019utilisateur mais sert \u00e0 enregistrer des informations relatives \u00e0 la navigation de celui-ci sur le site internet, et qu\u2019il pourra d\u00e9sactiver par modifications des param\u00e8tres de son outil de navigation.<span class=\"Apple-converted-space\">\u00a0<\/span><\/p><p>L\u2019utilisateur dispose de droit d\u2019acc\u00e8s, de modification, de rectification, et de suppression des donn\u00e9es qui le concernent, conform\u00e9ment aux dispositions de la Loi \u00ab\u00a0Informatique et Libert\u00e9s\u00a0\u00bb. Pour l\u2019exercer, l\u2019utilisateur peut s\u2019adresser aupr\u00e8s du directeur de la publication.<span class=\"Apple-converted-space\">\u00a0<\/span><\/p><p>Les liens hypertextes mis en place dans le cadre du site en direction d\u2019autres ressources pr\u00e9sentes sur le r\u00e9seau de l\u2019Internet ont fait l\u2019objet d\u2019une autorisation pr\u00e9alable. Toute cr\u00e9ation d\u2019 lien hypertexte est interdite sans l\u2019autorisation expresse et pr\u00e9alable du directeur de la publication.<\/p>\t\t\t\t\t\t\t\t<\/div>\n\t\t\t\t\t<\/div>\n\t\t\t\t<\/div>\n\t\t\t\t<\/div>\n\t\t","protected":false},"excerpt":{"rendered":"<p>Mentions l\u00e9gales APRO Consulting SAS au capital social de\u00a03.500 Euros\u00a0 32 rue de Paradis 75010 Paris RCS\u00a0: 533 910 162 immatricul\u00e9e le 01\/08\/2011 RCS de Paris \u00a0 Num\u00e9ro de TVA intracommunautaire\u00a0: FR 53 533910162 Mail\u00a0: contact@apro-consulting.fr H\u00e9bergeur\u00a0: OVH Conception et r\u00e9alisation: CAM &amp; AUG Directeur de la publication\u00a0: Anthony PAJOT Cr\u00e9dit photographique\u00a0: fotolia.com, stock.adobe.com. La reproduction ou la repr\u00e9sentation, totale ou partielle, ou toute autre forme d\u2019exploitation de ce site est interdite.\u00a0 Tous les \u00e9l\u00e9ments \u00e9dit\u00e9s sur ce site, notamment des logos, des marques, des textes, des photographies, des dessins sont des \u0153uvres prot\u00e9g\u00e9es par les dispositions des lois.\u00a0 Le visiteur est inform\u00e9 qu\u2019un cookie peut s\u2019installer automatiquement sur son outil de navigation. Un cookie est un \u00e9l\u00e9ment qui ne permet pas d\u2019identifier l\u2019utilisateur mais sert \u00e0 enregistrer des informations relatives \u00e0 la navigation de celui-ci sur le site internet, et qu\u2019il pourra d\u00e9sactiver par modifications des param\u00e8tres de son outil de navigation.\u00a0 L\u2019utilisateur dispose de droit d\u2019acc\u00e8s, de modification, de rectification, et de suppression des donn\u00e9es qui le concernent, conform\u00e9ment aux dispositions de la Loi \u00ab\u00a0Informatique et Libert\u00e9s\u00a0\u00bb. Pour l\u2019exercer, l\u2019utilisateur peut s\u2019adresser aupr\u00e8s du directeur de la publication.\u00a0 Les liens hypertextes mis en place dans le cadre du site en direction d\u2019autres ressources pr\u00e9sentes sur le r\u00e9seau de l\u2019Internet ont fait l\u2019objet d\u2019une autorisation pr\u00e9alable. Toute cr\u00e9ation d\u2019 lien hypertexte est interdite sans l\u2019autorisation expresse et pr\u00e9alable du directeur de la publication.<\/p>\n","protected":false},"author":1,"featured_media":0,"parent":0,"menu_order":0,"comment_status":"closed","ping_status":"open","template":"","meta":{"footnotes":""},"class_list":["post-3","page","type-page","status-publish","hentry"],"_links":{"self":[{"href":"https:\/\/apro-consulting.fr\/index.php\/wp-json\/wp\/v2\/pages\/3","targetHints":{"allow":["GET"]}}],"collection":[{"href":"https:\/\/apro-consulting.fr\/index.php\/wp-json\/wp\/v2\/pages"}],"about":[{"href":"https:\/\/apro-consulting.fr\/index.php\/wp-json\/wp\/v2\/types\/page"}],"author":[{"embeddable":true,"href":"https:\/\/apro-consulting.fr\/index.php\/wp-json\/wp\/v2\/users\/1"}],"replies":[{"embeddable":true,"href":"https:\/\/apro-consulting.fr\/index.php\/wp-json\/wp\/v2\/comments?post=3"}],"version-history":[{"count":10,"href":"https:\/\/apro-consulting.fr\/index.php\/wp-json\/wp\/v2\/pages\/3\/revisions"}],"predecessor-version":[{"id":415,"href":"https:\/\/apro-consulting.fr\/index.php\/wp-json\/wp\/v2\/pages\/3\/revisions\/415"}],"wp:attachment":[{"href":"https:\/\/apro-consulting.fr\/index.php\/wp-json\/wp\/v2\/media?parent=3"}],"curies":[{"name":"wp","href":"https:\/\/api.w.org\/{rel}","templated":true}]}}